{"id":526,"date":"2020-03-10T08:02:37","date_gmt":"2020-03-10T08:02:37","guid":{"rendered":"http:\/\/ietirafaelnaviavaron.edu.co\/?page_id=526"},"modified":"2024-02-05T21:12:35","modified_gmt":"2024-02-05T21:12:35","slug":"noticias-2","status":"publish","type":"page","link":"https:\/\/ietirafaelnaviavaron.edu.co\/?page_id=526","title":{"rendered":"NOTICIAS"},"content":{"rendered":"\t\t<div data-elementor-type=\"wp-page\" data-elementor-id=\"526\" class=\"elementor elementor-526\">\n\t\t\t\t\t\t<section data-particle_enable=\"false\" data-particle-mobile-disabled=\"false\" class=\"elementor-section elementor-top-section elementor-element elementor-element-601c2953 elementor-section-boxed elementor-section-height-default elementor-section-height-default\" data-id=\"601c2953\" data-element_type=\"section\" data-settings=\"{&quot;_ha_eqh_enable&quot;:false}\">\n\t\t\t\t\t\t<div class=\"elementor-container elementor-column-gap-default\">\n\t\t\t\t\t<div class=\"elementor-column elementor-col-100 elementor-top-column elementor-element elementor-element-2d0deec0\" data-id=\"2d0deec0\" data-element_type=\"column\">\n\t\t\t<div class=\"elementor-widget-wrap elementor-element-populated\">\n\t\t\t\t\t\t<div class=\"elementor-element elementor-element-2cf4c5b0 elementor-widget elementor-widget-text-editor\" data-id=\"2cf4c5b0\" data-element_type=\"widget\" data-widget_type=\"text-editor.default\">\n\t\t\t\t<div class=\"elementor-widget-container\">\n\t\t\t\t\t\t\t<!-- wp:paragraph -->\n<p><a href=\"https:\/\/ietirafaelnaviavaron.edu.co\/wp-content\/uploads\/2024\/02\/4143.068.22.2.001-Rendicion-de-Cuentas-II-semestre-2023.docx-1.pdf\" data-rich-text-format-boundary=\"true\">CONVOCATORIA RENDICI\u00d3N DE CUENTAS II SEMESTRE 2023<\/a><\/p>\n<p><a href=\"https:\/\/ietirafaelnaviavaron.edu.co\/wp-content\/uploads\/2023\/08\/Convocatoria-Rendicion-de-Cuentas-I-semestre-2023.docx-.pdf\" aria-label=\"\u00abConvocatoria Rendici\u00f3n de Cuentas I semestre 2023.docx \u2013\u00bb (Editar)\">Convocatoria Rendici\u00f3n de Cuentas I semestre 2023<\/a><\/p>\n<p><a href=\"https:\/\/ietirafaelnaviavaron.edu.co\/wp-content\/uploads\/2022\/01\/4143.068.-22.2.004-Ingreso-actividades-academicas-Bachillerato-JT.pdf\">4143.068. 22.2.004 Ingreso actividades acad\u00e9micas Bachillerato JT<\/a><\/p>\n<p><a href=\"https:\/\/ietirafaelnaviavaron.edu.co\/wp-content\/uploads\/2022\/01\/4143.068.-22.2.003-Ingreso-actividades-academicas-Bachillerato-JM.pdf\">4143.068. 22.2.003 Ingreso actividades acad\u00e9micas Bachillerato JM<\/a><\/p>\n<p><a href=\"https:\/\/ietirafaelnaviavaron.edu.co\/wp-content\/uploads\/2022\/01\/4143.068.-22.2.002-Ingreso-actividades-academicas-PANAMERICANA.pdf\">4143.068. 22.2.002 Ingreso actividades acad\u00e9micas PANAMERICANA<\/a><\/p>\n<p><a href=\"https:\/\/ietirafaelnaviavaron.edu.co\/wp-content\/uploads\/2022\/01\/4143.068.-22.2.001-Ingreso-actividades-academicas-FMI.pdf\">4143.068. 22.2.001 Ingreso actividades acad\u00e9micas FMI<\/a><\/p>\n<!-- \/wp:paragraph --><!-- wp:paragraph -->\n<p><a href=\"https:\/\/ietirafaelnaviavaron.edu.co\/wp-content\/uploads\/2021\/10\/4143.068.22.2.060-Proceso-de-matricula-2022.pdf\">PROCESO-DE-MATRICULAS-2022.pdf<\/a><\/p>\n<!-- \/wp:paragraph --><!-- wp:paragraph -->\n<p><a href=\"https:\/\/youtu.be\/vOxgqE-7SZE\">https:\/\/youtu.be\/vOxgqE-7SZE<\/a><\/p>\n<!-- \/wp:paragraph --><!-- wp:paragraph -->\n<p><a href=\"https:\/\/ietirafaelnaviavaron.edu.co\/wp-content\/uploads\/2021\/08\/4143.068.-22.2.051-Reserva-de-cupos-2022.pdf\" data-type=\"URL\" data-id=\"https:\/\/ietirafaelnaviavaron.edu.co\/wp-content\/uploads\/2021\/08\/4143.068.-22.2.051-Reserva-de-cupos-2022.pdf\">RESERVA-DE-CUPOS-2022.pdf<\/a><\/p>\n<!-- \/wp:paragraph --><!-- wp:paragraph -->\n<p><a href=\"https:\/\/ietirafaelnaviavaron.edu.co\/wp-content\/uploads\/2021\/08\/INICIO-DE-PRESENCIALIDAD-GRADUAL.pdf\">INICIO-DE-PRESENCIALIDAD-GRADUAL.pdf<\/a><\/p>\n<!-- \/wp:paragraph --><!-- wp:paragraph -->\n<p><a href=\"https:\/\/ietirafaelnaviavaron.edu.co\/wp-content\/uploads\/2021\/08\/REQUISITOS-PARA-CERTIFICADOS.pdf\">REQUISITOS-PARA-CERTIFICADOS.pdf<\/a><\/p>\n<!-- \/wp:paragraph -->\n<p>INVITACION RENDICION DE CUENTAS SEGUNDO SEMESTRE A\u00d1O 2020<\/p>\n<p><a href=\"https:\/\/ietirafaelnaviavaron.edu.co\/wp-content\/uploads\/2021\/02\/4143.068.22.2.009-Rendici\u00f3n-de-Cuentas-II-semestre-2021-3.pdf\">4143.068.22.2.009 Rendici\u00f3n de Cuentas II semestre 2021 (3)<\/a><\/p>\n<p><a href=\"https:\/\/ietirafaelnaviavaron.edu.co\/wp-content\/uploads\/2021\/02\/CIRCULAR-SOCIALIZACION-RUTA-SOLICITUS-CERTIFICADOS.pdf\">CIRCULAR SOCIALIZACION RUTA SOLICITUS CERTIFICADOS<\/a><\/p>\n<p><img fetchpriority=\"high\" decoding=\"async\" class=\"alignnone wp-image-1310\" src=\"https:\/\/ietirafaelnaviavaron.edu.co\/wp-content\/uploads\/2021\/01\/Reactiva-tu-Correo-2-300x169.jpg\" alt=\"\" width=\"555\" height=\"312\" srcset=\"https:\/\/ietirafaelnaviavaron.edu.co\/wp-content\/uploads\/2021\/01\/Reactiva-tu-Correo-2-300x169.jpg 300w, https:\/\/ietirafaelnaviavaron.edu.co\/wp-content\/uploads\/2021\/01\/Reactiva-tu-Correo-2-768x432.jpg 768w, https:\/\/ietirafaelnaviavaron.edu.co\/wp-content\/uploads\/2021\/01\/Reactiva-tu-Correo-2.jpg 960w\" sizes=\"(max-width: 555px) 100vw, 555px\" \/><\/p>\n<p><a href=\"https:\/\/ietirafaelnaviavaron.edu.co\/wp-content\/uploads\/2020\/12\/Entre-Redes-2020.pdf\"> \u00a0Entre Redes 2020\u00a0 \u00a0 Sede Francisco Montes Idrobo<\/a><\/p>\n<p>!\u00a0 LLEGARON LAS INSCRIPCIONES\u00a0 \u00a02021\u00a0 \u00a0!<\/p>\n<p><a href=\"https:\/\/ietirafaelnaviavaron.edu.co\/wp-content\/uploads\/2020\/08\/CIRCULAR-INSCRIPCIONES-2021-1-1.pdf\">CIRCULAR INSCRIPCIONES 2021 <\/a><\/p>\n<p>Invitaci\u00f3n Reuni\u00f3n Rendici\u00f3n Informe de Gesti\u00f3n Directiva I Semestre 2020<\/p>\n<p><a href=\"https:\/\/ietirafaelnaviavaron.edu.co\/wp-content\/uploads\/2020\/07\/Circular-invitaci\u00f3n-Rendici\u00f3n-de-Cuentas-1.pdf\">Circular invitaci\u00f3n Rendici\u00f3n de Cuentas <\/a><\/p>\n<p>REUNI\u00d3N VIRTUAL PADRES DE FAMILIA SEDE PRIMARIA\u00a0 \u00a0FMI<\/p>\n<p><a href=\"https:\/\/ietirafaelnaviavaron.edu.co\/wp-content\/uploads\/2020\/07\/Citaci\u00f3n-a-padres-de-familia-julio-2020.docx.pdf\">Citaci\u00f3n a padres de familia julio 2020.docx<\/a><\/p>\n<p>Entrega de PAE\u00a0 16 de junio 2020<\/p>\n<p><a href=\"https:\/\/ietirafaelnaviavaron.edu.co\/wp-content\/uploads\/2020\/06\/CALI_3501_RAFAEL_NAVIA_VARON_PAQUETE_1289-1.pdf\">CALI_3501_RAFAEL_NAVIA_VARON_PAQUETE_1289 (1)<\/a><\/p>\n<p><strong>COMUNICACI\u00d3N DE SE\u00d1OR RECTOR ABRIL 2 DE 2020<\/strong><\/p>\n<div style=\"width: 640px;\" class=\"wp-video\"><!--[if lt IE 9]><script>document.createElement('video');<\/script><![endif]-->\n<video class=\"wp-video-shortcode\" id=\"video-526-1\" width=\"640\" height=\"352\" preload=\"metadata\" controls=\"controls\"><source type=\"video\/mp4\" src=\"https:\/\/ietirafaelnaviavaron.edu.co\/wp-content\/uploads\/2020\/04\/rector.mp4?_=1\" \/><a href=\"https:\/\/ietirafaelnaviavaron.edu.co\/wp-content\/uploads\/2020\/04\/rector.mp4\">https:\/\/ietirafaelnaviavaron.edu.co\/wp-content\/uploads\/2020\/04\/rector.mp4<\/a><\/video><\/div>\n<p>\u00a0<\/p>\n<p>!\u00a0 \u00a0INFORMACI\u00d3N IMPORTANTE A LA COMUNIDAD EDUCATIVA\u00a0 01 DE ABRIL 2020 !<\/p>\n<p><a href=\"https:\/\/ietirafaelnaviavaron.edu.co\/wp-content\/uploads\/2020\/04\/circular-4.-Rafael-Navia-Var\u00f3n.pdf\">circular 4. Rafael Navia Var\u00f3n<\/a><\/p>\n<p><a href=\"https:\/\/ietirafaelnaviavaron.edu.co\/wp-content\/uploads\/2020\/03\/Sondeo-de-comunicaciones-padres.pdf\">Sondeo de comunicaciones padres<\/a>\u00a0 \u00a0 \u00a0PARA TEMAS EDUCATIVOS<\/p>\n<p>MANEJO CON NI\u00d1OS DE INFORMACION CORONAVIRUS<\/p>\n<p><a href=\"https:\/\/ietirafaelnaviavaron.edu.co\/wp-content\/uploads\/2020\/03\/INF.-DIDACTICA-CORONAVIRUS.pdf\">INF. DIDACTICA CORONAVIRUS<\/a><\/p>\n<p><a href=\"https:\/\/ietirafaelnaviavaron.edu.co\/wp-content\/uploads\/2020\/02\/invitacion-rendicion-de-cuentas_0001.pdf\">invitacion rendicion de cuentas_ II semestre 2019<\/a><\/p>\n<p><img decoding=\"async\" class=\"alignnone size-medium wp-image-780\" src=\"http:\/\/ietirafaelnaviavaron.edu.co\/wp-content\/uploads\/2019\/08\/INVITACION-300x160.jpeg\" alt=\"\" width=\"300\" height=\"160\" srcset=\"https:\/\/ietirafaelnaviavaron.edu.co\/wp-content\/uploads\/2019\/08\/INVITACION-300x160.jpeg 300w, https:\/\/ietirafaelnaviavaron.edu.co\/wp-content\/uploads\/2019\/08\/INVITACION-768x410.jpeg 768w, https:\/\/ietirafaelnaviavaron.edu.co\/wp-content\/uploads\/2019\/08\/INVITACION.jpeg 1024w\" sizes=\"(max-width: 300px) 100vw, 300px\" \/><\/p>\n<p>INVITACI\u00d3N A AUDIENCIA DE RENDICI\u00d3N DE CUENTAS I SEMESTRE DEL A\u00d1O 2019<\/p>\n<p><a href=\"http:\/\/ietirafaelnaviavaron.edu.co\/wp-content\/uploads\/2019\/08\/Invitacion-Rendicion-de-cuentas-Rafael-Navia-Varon.pdf\">Invitaci\u00f3n Rendici\u00f3n de cuentas Rafael Navia Varon<\/a><\/p>\n<p>VISITA\u00a0 \u00a0DEL ALCALDE\u00a0 A NUESTRA INSTITUCI\u00d3N<\/p>\n<p><img decoding=\"async\" class=\"alignnone size-medium wp-image-616\" src=\"http:\/\/ietirafaelnaviavaron.edu.co\/wp-content\/uploads\/2019\/04\/VISITA-ALCALDE-300x146.jpeg\" alt=\"\" width=\"300\" height=\"146\" srcset=\"https:\/\/ietirafaelnaviavaron.edu.co\/wp-content\/uploads\/2019\/04\/VISITA-ALCALDE-300x146.jpeg 300w, https:\/\/ietirafaelnaviavaron.edu.co\/wp-content\/uploads\/2019\/04\/VISITA-ALCALDE-768x373.jpeg 768w, https:\/\/ietirafaelnaviavaron.edu.co\/wp-content\/uploads\/2019\/04\/VISITA-ALCALDE-1024x498.jpeg 1024w, https:\/\/ietirafaelnaviavaron.edu.co\/wp-content\/uploads\/2019\/04\/VISITA-ALCALDE.jpeg 1152w\" sizes=\"(max-width: 300px) 100vw, 300px\" \/><\/p>\n<p><a href=\"http:\/\/ietirafaelnaviavaron.edu.co\/wp-content\/uploads\/2019\/02\/Circular-invitacion-rendicion-de-cuentas-II-Semestre-2018.pdf\">Circular Invitaci\u00f3n Rendici\u00f3n de cuentas II Semestre 2018<\/a><\/p>\n<p><img loading=\"lazy\" decoding=\"async\" class=\"size-full wp-image-532 aligncenter\" src=\"http:\/\/ietirafaelnaviavaron.edu.co\/wp-content\/uploads\/2018\/11\/exponavia.png\" alt=\"\" width=\"161\" height=\"154\" \/><\/p>\n<p style=\"padding-left: 30px;\"><strong><span style=\"color: #000080;\">EXPONAVIA 2018<\/span><\/strong><\/p>\n<p style=\"text-align: justify; padding-left: 30px;\"><span style=\"color: #000000;\">Expo-Navia consiste en una muestra a manera de exposici\u00f3n p\u00fablica de proyectos y\/o trabajos\u00a0acad\u00e9micos, cient\u00edficos, tecnol\u00f3gicos y productivos con algunos aportes originales realizados por l@s estudiantes con \u00e9l a asesoramiento de docentes.<\/span><\/p>\n<p style=\"text-align: justify; padding-left: 30px;\"><span style=\"color: #000000;\">Exponavia 2018 \u201cRafaelianos Con Ciencia\u201d desarrollara procesos de integraci\u00f3n de \u00e1reas t\u00e9cnicas y acad\u00e9micas a trav\u00e9s de ejes integradores que a su vez lo conformaran desaf\u00edos en Ciencias B\u00e1sicas, Ciencias Ambientales, Letras, cultura, arte y cuerpo y Tecnolog\u00eda e Ingenier\u00eda, como parte del proceso permanente de ense\u00f1anza aprendizaje que se desarrolla en el \u00e1mbito escolar. \u201cEstas aplicaciones pueden ser en cuanto a la soluci\u00f3n de un problema, o como muestra del proceso de aprendizaje\u201d, contribuyendo en la construcci\u00f3n del Ser social y en la credibilidad del estudiante en s\u00ed mismo.<\/span><\/p>\n<p style=\"text-align: justify; padding-left: 30px;\"><span style=\"color: #000000;\">L@s estudiantes expositores efectuaran demostraciones, ofrecer\u00e1n explicaciones y contestaran preguntas sobre la metodolog\u00eda utilizada y sus conclusiones.<\/span><\/p>\n<p style=\"text-align: justify; padding-left: 30px;\"><span style=\"color: #000000;\">Estudiantes de preescolar y b\u00e1sica primaria, y los j\u00f3venes del bachillerato, participan con trabajos realizados en sus clases ofreciendo productos reales e innovadores con los que practican en los talleres y en las \u00e1reas acad\u00e9micas.<\/span><\/p>\n<p style=\"text-align: justify; padding-left: 30px;\"><span style=\"color: #000000;\">Los principios que sustentan esta actividad son: Igualdad de oportunidades, Trabajo en equipo y colaborativo, Integraci\u00f3n de la comunidad, Participaci\u00f3n gradual.<\/span><\/p>\n<p style=\"padding-left: 30px;\">PROYECTOS<\/p>\n<p style=\"padding-left: 30px;\">[table id=2 \/]<\/p>\n<p style=\"padding-left: 30px;\">\u00a0<\/p>\t\t\t\t\t\t<\/div>\n\t\t\t\t<\/div>\n\t\t\t\t\t<\/div>\n\t\t<\/div>\n\t\t\t\t\t<\/div>\n\t\t<\/section>\n\t\t\t\t<\/div>\n\t\t","protected":false},"excerpt":{"rendered":"<p>CONVOCATORIA RENDICI\u00d3N DE CUENTAS II SEMESTRE 2023 Convocatoria Rendici\u00f3n de Cuentas I semestre 2023 4143.068. 22.2.004 Ingreso actividades acad\u00e9micas Bachillerato JT 4143.068. 22.2.003 Ingreso actividades acad\u00e9micas Bachillerato JM 4143.068. 22.2.002 Ingreso actividades acad\u00e9micas PANAMERICANA 4143.068. 22.2.001 Ingreso actividades acad\u00e9micas FMI PROCESO-DE-MATRICULAS-2022.pdf https:\/\/youtu.be\/vOxgqE-7SZE RESERVA-DE-CUPOS-2022.pdf INICIO-DE-PRESENCIALIDAD-GRADUAL.pdf REQUISITOS-PARA-CERTIFICADOS.pdf INVITACION RENDICION DE CUENTAS SEGUNDO SEMESTRE A\u00d1O 2020 4143.068.22.2.009 Rendici\u00f3n [&hellip;]<\/p>\n","protected":false},"author":1,"featured_media":0,"parent":0,"menu_order":0,"comment_status":"closed","ping_status":"closed","template":"Page-fullwidth.php","meta":{"footnotes":""},"class_list":["post-526","page","type-page","status-publish","hentry"],"_links":{"self":[{"href":"https:\/\/ietirafaelnaviavaron.edu.co\/index.php?rest_route=\/wp\/v2\/pages\/526","targetHints":{"allow":["GET"]}}],"collection":[{"href":"https:\/\/ietirafaelnaviavaron.edu.co\/index.php?rest_route=\/wp\/v2\/pages"}],"about":[{"href":"https:\/\/ietirafaelnaviavaron.edu.co\/index.php?rest_route=\/wp\/v2\/types\/page"}],"author":[{"embeddable":true,"href":"https:\/\/ietirafaelnaviavaron.edu.co\/index.php?rest_route=\/wp\/v2\/users\/1"}],"replies":[{"embeddable":true,"href":"https:\/\/ietirafaelnaviavaron.edu.co\/index.php?rest_route=%2Fwp%2Fv2%2Fcomments&post=526"}],"version-history":[{"count":36,"href":"https:\/\/ietirafaelnaviavaron.edu.co\/index.php?rest_route=\/wp\/v2\/pages\/526\/revisions"}],"predecessor-version":[{"id":11112,"href":"https:\/\/ietirafaelnaviavaron.edu.co\/index.php?rest_route=\/wp\/v2\/pages\/526\/revisions\/11112"}],"wp:attachment":[{"href":"https:\/\/ietirafaelnaviavaron.edu.co\/index.php?rest_route=%2Fwp%2Fv2%2Fmedia&parent=526"}],"curies":[{"name":"wp","href":"https:\/\/api.w.org\/{rel}","templated":true}]}}