{"id":12248,"date":"2024-08-28T21:17:37","date_gmt":"2024-08-28T21:17:37","guid":{"rendered":"https:\/\/www.iealvaroecheverry.edu.co\/?page_id=1290"},"modified":"2024-09-11T03:46:08","modified_gmt":"2024-09-11T03:46:08","slug":"denuncias-hechos-de-corrupcion","status":"publish","type":"page","link":"https:\/\/ietirafaelnaviavaron.edu.co\/?page_id=12248","title":{"rendered":"Denuncias Hechos de Corrupci\u00f3n"},"content":{"rendered":"\t\t<div data-elementor-type=\"wp-page\" data-elementor-id=\"12248\" class=\"elementor elementor-12248\">\n\t\t\t\t\t\t<section data-particle_enable=\"false\" data-particle-mobile-disabled=\"false\" class=\"elementor-section elementor-top-section elementor-element elementor-element-7f7f48b elementor-section-boxed elementor-section-height-default elementor-section-height-default\" data-id=\"7f7f48b\" data-element_type=\"section\" data-settings=\"{&quot;_ha_eqh_enable&quot;:false}\">\n\t\t\t\t\t\t<div class=\"elementor-container elementor-column-gap-default\">\n\t\t\t\t\t<div class=\"elementor-column elementor-col-100 elementor-top-column elementor-element elementor-element-f6d47ef\" data-id=\"f6d47ef\" data-element_type=\"column\">\n\t\t\t<div class=\"elementor-widget-wrap elementor-element-populated\">\n\t\t\t\t\t\t<div class=\"elementor-element elementor-element-f308183 elementor-widget elementor-widget-image\" data-id=\"f308183\" data-element_type=\"widget\" data-widget_type=\"image.default\">\n\t\t\t\t<div class=\"elementor-widget-container\">\n\t\t\t\t\t\t\t\t\t\t\t\t\t<img fetchpriority=\"high\" decoding=\"async\" width=\"800\" height=\"84\" src=\"https:\/\/ietirafaelnaviavaron.edu.co\/wp-content\/uploads\/2024\/09\/5-1024x107.png\" class=\"attachment-large size-large wp-image-12255\" alt=\"\" srcset=\"https:\/\/ietirafaelnaviavaron.edu.co\/wp-content\/uploads\/2024\/09\/5-1024x107.png 1024w, https:\/\/ietirafaelnaviavaron.edu.co\/wp-content\/uploads\/2024\/09\/5-300x31.png 300w, https:\/\/ietirafaelnaviavaron.edu.co\/wp-content\/uploads\/2024\/09\/5-768x80.png 768w, https:\/\/ietirafaelnaviavaron.edu.co\/wp-content\/uploads\/2024\/09\/5-1536x160.png 1536w, https:\/\/ietirafaelnaviavaron.edu.co\/wp-content\/uploads\/2024\/09\/5-2048x213.png 2048w\" sizes=\"(max-width: 800px) 100vw, 800px\" \/>\t\t\t\t\t\t\t\t\t\t\t\t\t<\/div>\n\t\t\t\t<\/div>\n\t\t\t\t<div class=\"elementor-element elementor-element-3036c61 eael-contact-form-7-button-align-left eael-contact-form-7-button-custom elementor-widget elementor-widget-eael-contact-form-7\" data-id=\"3036c61\" data-element_type=\"widget\" data-widget_type=\"eael-contact-form-7.default\">\n\t\t\t\t<div class=\"elementor-widget-container\">\n\t\t\t<div class=\"eael-contact-form-7-wrapper\">\n                <div class=\"eael-contact-form eael-contact-form-7 eael-contact-form-3036c61 placeholder-show eael-contact-form-align-center\">\n<div class=\"wpcf7 no-js\" id=\"wpcf7-f12243-o1\" lang=\"es-ES\" dir=\"ltr\">\n<div class=\"screen-reader-response\"><p role=\"status\" aria-live=\"polite\" aria-atomic=\"true\"><\/p> <ul><\/ul><\/div>\n<form action=\"\/index.php?rest_route=%2Fwp%2Fv2%2Fpages%2F12248#wpcf7-f12243-o1\" method=\"post\" class=\"wpcf7-form init\" aria-label=\"Formulario de contacto\" enctype=\"multipart\/form-data\" novalidate=\"novalidate\" data-status=\"init\">\n<div style=\"display: none;\">\n<input type=\"hidden\" name=\"_wpcf7\" value=\"12243\" \/>\n<input type=\"hidden\" name=\"_wpcf7_version\" value=\"5.9.8\" \/>\n<input type=\"hidden\" name=\"_wpcf7_locale\" value=\"es_ES\" \/>\n<input type=\"hidden\" name=\"_wpcf7_unit_tag\" value=\"wpcf7-f12243-o1\" \/>\n<input type=\"hidden\" name=\"_wpcf7_container_post\" value=\"0\" \/>\n<input type=\"hidden\" name=\"_wpcf7_posted_data_hash\" value=\"\" \/>\n<\/div>\n<p><label> DATOS DENUNCIANTE <\/label>\n<\/p>\n<p><label> Tu nombre<br \/>\n<span class=\"wpcf7-form-control-wrap\" data-name=\"your-name\"><input size=\"40\" maxlength=\"400\" class=\"wpcf7-form-control wpcf7-text wpcf7-validates-as-required\" autocomplete=\"name\" aria-required=\"true\" aria-invalid=\"false\" value=\"\" type=\"text\" name=\"your-name\" \/><\/span> <\/label>\n<\/p>\n<p><label> Sexo<br \/>\n<span class=\"wpcf7-form-control-wrap\" data-name=\"checkbox-59\"><span class=\"wpcf7-form-control wpcf7-checkbox wpcf7-validates-as-required\"><span class=\"wpcf7-list-item first\"><label><input type=\"checkbox\" name=\"checkbox-59[]\" value=\"Masculino\" \/><span class=\"wpcf7-list-item-label\">Masculino<\/span><\/label><\/span><span class=\"wpcf7-list-item last\"><label><input type=\"checkbox\" name=\"checkbox-59[]\" value=\"Femenino\" \/><span class=\"wpcf7-list-item-label\">Femenino<\/span><\/label><\/span><\/span><\/span> <\/label>\n<\/p>\n<p><label> Rol con que te identificas<br \/>\n<span class=\"wpcf7-form-control-wrap\" data-name=\"menu-808\"><select class=\"wpcf7-form-control wpcf7-select wpcf7-validates-as-required\" aria-required=\"true\" aria-invalid=\"false\" name=\"menu-808\"><option value=\"Ciudadano\">Ciudadano<\/option><option value=\"Funcionario P\u00fablico\">Funcionario P\u00fablico<\/option><option value=\"Estudiante\">Estudiante<\/option><\/select><\/span> <\/label>\n<\/p>\n<p><label> Tu correo electr\u00f3nico<br \/>\n<span class=\"wpcf7-form-control-wrap\" data-name=\"your-email\"><input size=\"40\" maxlength=\"400\" class=\"wpcf7-form-control wpcf7-email wpcf7-validates-as-required wpcf7-text wpcf7-validates-as-email\" autocomplete=\"email\" aria-required=\"true\" aria-invalid=\"false\" value=\"\" type=\"email\" name=\"your-email\" \/><\/span> <\/label>\n<\/p>\n<p><label> Telefono<br \/>\n<span class=\"wpcf7-form-control-wrap\" data-name=\"tel-891\"><input size=\"40\" maxlength=\"400\" class=\"wpcf7-form-control wpcf7-tel wpcf7-validates-as-required wpcf7-text wpcf7-validates-as-tel\" aria-required=\"true\" aria-invalid=\"false\" value=\"\" type=\"tel\" name=\"tel-891\" \/><\/span> <\/label>\n<\/p>\n<p><label> Direcci\u00f3n<br \/>\n<span class=\"wpcf7-form-control-wrap\" data-name=\"text-958\"><input size=\"40\" maxlength=\"400\" class=\"wpcf7-form-control wpcf7-text\" aria-invalid=\"false\" value=\"\" type=\"text\" name=\"text-958\" \/><\/span> <\/label>\n<\/p>\n<p><label> Asunto<br \/>\n<span class=\"wpcf7-form-control-wrap\" data-name=\"your-subject\"><input size=\"40\" maxlength=\"400\" class=\"wpcf7-form-control wpcf7-text wpcf7-validates-as-required\" aria-required=\"true\" aria-invalid=\"false\" value=\"\" type=\"text\" name=\"your-subject\" \/><\/span> <\/label>\n<\/p>\n<p><label> Tu mensaje (opcional)<br \/>\n<span class=\"wpcf7-form-control-wrap\" data-name=\"your-message\"><textarea cols=\"40\" rows=\"10\" maxlength=\"2000\" class=\"wpcf7-form-control wpcf7-textarea\" aria-invalid=\"false\" name=\"your-message\"><\/textarea><\/span> <\/label>\n<\/p>\n<p><label> DENUNCIA: DATOS DEL SERVIDOR P\u00daBLICO O CONTRATISTA INVOLUCRADO EN EL PRESUNTO HECHO DE CORRUPCI\u00d3N <\/label>\n<\/p>\n<p><label> Tu nombre<br \/>\n<span class=\"wpcf7-form-control-wrap\" data-name=\"your-name\"><input size=\"40\" maxlength=\"400\" class=\"wpcf7-form-control wpcf7-text wpcf7-validates-as-required\" autocomplete=\"name\" aria-required=\"true\" aria-invalid=\"false\" value=\"\" type=\"text\" name=\"your-name\" \/><\/span> <\/label>\n<\/p>\n<p><label> ORGANISMO AL QUE PERTENECE EL FUNCIONARIO<br \/>\n<span class=\"wpcf7-form-control-wrap\" data-name=\"text-329\"><input size=\"40\" maxlength=\"400\" class=\"wpcf7-form-control wpcf7-text\" aria-invalid=\"false\" value=\"\" type=\"text\" name=\"text-329\" \/><\/span> <\/label>\n<\/p>\n<p><label> LUGAR DE LOS HECHOS<br \/>\n<span class=\"wpcf7-form-control-wrap\" data-name=\"textarea-559\"><textarea cols=\"40\" rows=\"10\" maxlength=\"2000\" class=\"wpcf7-form-control wpcf7-textarea wpcf7-validates-as-required\" aria-required=\"true\" aria-invalid=\"false\" name=\"textarea-559\"><\/textarea><\/span> <\/label>\n<\/p>\n<p><label> DESCRIPCION DE LOS HECHOS<br \/>\n<span class=\"wpcf7-form-control-wrap\" data-name=\"textarea-559\"><textarea cols=\"40\" rows=\"10\" maxlength=\"2000\" class=\"wpcf7-form-control wpcf7-textarea wpcf7-validates-as-required\" aria-required=\"true\" aria-invalid=\"false\" name=\"textarea-559\"><\/textarea><\/span> <\/label>\n<\/p>\n<p><label> FECHA DE LOS HECHOS<br \/>\n<span class=\"wpcf7-form-control-wrap\" data-name=\"date-96\"><input class=\"wpcf7-form-control wpcf7-date wpcf7-validates-as-date\" aria-invalid=\"false\" value=\"\" type=\"date\" name=\"date-96\" \/><\/span> <\/label>\n<\/p>\n<p><label> ADJUNTAR PRUEBAS<br \/>\n<span class=\"wpcf7-form-control-wrap\" data-name=\"file-51\"><input size=\"40\" class=\"wpcf7-form-control wpcf7-file\" accept=\"audio\/*,video\/*,image\/*\" aria-invalid=\"false\" type=\"file\" name=\"file-51\" \/><\/span> <\/label>\n<\/p>\n<p><input class=\"wpcf7-form-control wpcf7-submit has-spinner\" type=\"submit\" value=\"Enviar\" \/>\n<\/p><div class=\"wpcf7-response-output\" aria-hidden=\"true\"><\/div>\n<\/form>\n<\/div>\n<\/div>\n            <\/div>\t\t<\/div>\n\t\t\t\t<\/div>\n\t\t\t\t\t<\/div>\n\t\t<\/div>\n\t\t\t\t\t<\/div>\n\t\t<\/section>\n\t\t\t\t<\/div>\n\t\t","protected":false},"excerpt":{"rendered":"<p>DATOS DENUNCIANTE Tu nombre Sexo MasculinoFemenino Rol con que te identificas CiudadanoFuncionario P\u00fablicoEstudiante Tu correo electr\u00f3nico Telefono Direcci\u00f3n Asunto Tu mensaje (opcional) DENUNCIA: DATOS DEL SERVIDOR P\u00daBLICO O CONTRATISTA INVOLUCRADO EN EL PRESUNTO HECHO DE CORRUPCI\u00d3N Tu nombre ORGANISMO AL QUE PERTENECE EL FUNCIONARIO LUGAR DE LOS HECHOS DESCRIPCION DE LOS HECHOS FECHA DE LOS [&hellip;]<\/p>\n","protected":false},"author":1,"featured_media":0,"parent":0,"menu_order":0,"comment_status":"closed","ping_status":"closed","template":"","meta":{"footnotes":""},"class_list":["post-12248","page","type-page","status-publish","hentry"],"_links":{"self":[{"href":"https:\/\/ietirafaelnaviavaron.edu.co\/index.php?rest_route=\/wp\/v2\/pages\/12248","targetHints":{"allow":["GET"]}}],"collection":[{"href":"https:\/\/ietirafaelnaviavaron.edu.co\/index.php?rest_route=\/wp\/v2\/pages"}],"about":[{"href":"https:\/\/ietirafaelnaviavaron.edu.co\/index.php?rest_route=\/wp\/v2\/types\/page"}],"author":[{"embeddable":true,"href":"https:\/\/ietirafaelnaviavaron.edu.co\/index.php?rest_route=\/wp\/v2\/users\/1"}],"replies":[{"embeddable":true,"href":"https:\/\/ietirafaelnaviavaron.edu.co\/index.php?rest_route=%2Fwp%2Fv2%2Fcomments&post=12248"}],"version-history":[{"count":3,"href":"https:\/\/ietirafaelnaviavaron.edu.co\/index.php?rest_route=\/wp\/v2\/pages\/12248\/revisions"}],"predecessor-version":[{"id":12269,"href":"https:\/\/ietirafaelnaviavaron.edu.co\/index.php?rest_route=\/wp\/v2\/pages\/12248\/revisions\/12269"}],"wp:attachment":[{"href":"https:\/\/ietirafaelnaviavaron.edu.co\/index.php?rest_route=%2Fwp%2Fv2%2Fmedia&parent=12248"}],"curies":[{"name":"wp","href":"https:\/\/api.w.org\/{rel}","templated":true}]}}